{"id":6743,"date":"2022-06-01T07:17:47","date_gmt":"2022-06-01T07:17:47","guid":{"rendered":"https:\/\/ceraco.dk\/ejlers-gaard-resident-info\/"},"modified":"2023-04-11T08:40:10","modified_gmt":"2023-04-11T08:40:10","slug":"ejlers-gaard-resident-info","status":"publish","type":"page","link":"https:\/\/ceraco.dk\/en\/rental-housing\/ejlers-gaard-aalborg\/ejlers-gaard-resident-info\/","title":{"rendered":"Ejlers G\u00e5rd Resident info"},"content":{"rendered":"\t\t<div data-elementor-type=\"wp-page\" data-elementor-id=\"6743\" class=\"elementor elementor-6743 elementor-4050\" data-elementor-post-type=\"page\">\n\t\t\t\t\t\t<section class=\"elementor-section elementor-top-section elementor-element elementor-element-7f414a0b elementor-section-boxed elementor-section-height-default elementor-section-height-default\" data-id=\"7f414a0b\" data-element_type=\"section\" data-e-type=\"section\" data-settings=\"{&quot;jet_parallax_layout_list&quot;:[],&quot;background_background&quot;:&quot;classic&quot;}\">\n\t\t\t\t\t\t\t<div class=\"elementor-background-overlay\"><\/div>\n\t\t\t\t\t\t\t<div class=\"elementor-container elementor-column-gap-default\">\n\t\t\t\t\t<div class=\"elementor-column elementor-col-100 elementor-top-column elementor-element elementor-element-fc71d80\" data-id=\"fc71d80\" data-element_type=\"column\" data-e-type=\"column\" data-settings=\"{&quot;background_background&quot;:&quot;classic&quot;}\">\n\t\t\t<div class=\"elementor-widget-wrap elementor-element-populated\">\n\t\t\t\t\t\t<div class=\"elementor-element elementor-element-80854c4 elementor-widget elementor-widget-heading\" data-id=\"80854c4\" data-element_type=\"widget\" data-e-type=\"widget\" data-widget_type=\"heading.default\">\n\t\t\t\t<div class=\"elementor-widget-container\">\n\t\t\t\t\t<h1 class=\"elementor-heading-title elementor-size-default\">Recident<\/br> Ejlers G\u00e5rd<\/h1>\t\t\t\t<\/div>\n\t\t\t\t<\/div>\n\t\t\t\t\t<\/div>\n\t\t<\/div>\n\t\t\t\t\t<\/div>\n\t\t<\/section>\n\t\t\t\t<section class=\"elementor-section elementor-top-section elementor-element elementor-element-59318317 elementor-section-boxed elementor-section-height-default elementor-section-height-default\" data-id=\"59318317\" data-element_type=\"section\" data-e-type=\"section\" data-settings=\"{&quot;jet_parallax_layout_list&quot;:[]}\">\n\t\t\t\t\t\t<div class=\"elementor-container elementor-column-gap-default\">\n\t\t\t\t\t<div class=\"elementor-column elementor-col-100 elementor-top-column elementor-element elementor-element-71876550\" data-id=\"71876550\" data-element_type=\"column\" data-e-type=\"column\">\n\t\t\t<div class=\"elementor-widget-wrap elementor-element-populated\">\n\t\t\t\t\t\t<div class=\"elementor-element elementor-element-7d47dc1a elementor-widget elementor-widget-heading\" data-id=\"7d47dc1a\" data-element_type=\"widget\" data-e-type=\"widget\" data-widget_type=\"heading.default\">\n\t\t\t\t<div class=\"elementor-widget-container\">\n\t\t\t\t\t<h3 class=\"elementor-heading-title elementor-size-default\">EJLERS G\u00c5RD - Aalborg<\/h3>\t\t\t\t<\/div>\n\t\t\t\t<\/div>\n\t\t\t\t\t<\/div>\n\t\t<\/div>\n\t\t\t\t\t<\/div>\n\t\t<\/section>\n\t\t\t\t<section class=\"elementor-section elementor-top-section elementor-element elementor-element-25105dfc elementor-section-boxed elementor-section-height-default elementor-section-height-default\" data-id=\"25105dfc\" data-element_type=\"section\" data-e-type=\"section\" data-settings=\"{&quot;jet_parallax_layout_list&quot;:[]}\">\n\t\t\t\t\t\t<div class=\"elementor-container elementor-column-gap-default\">\n\t\t\t\t\t<div class=\"elementor-column elementor-col-100 elementor-top-column elementor-element elementor-element-2e8fba58\" data-id=\"2e8fba58\" data-element_type=\"column\" data-e-type=\"column\" data-settings=\"{&quot;background_background&quot;:&quot;classic&quot;}\">\n\t\t\t<div class=\"elementor-widget-wrap elementor-element-populated\">\n\t\t\t\t\t\t<div class=\"elementor-element elementor-element-20a38627 elementor-widget elementor-widget-heading\" data-id=\"20a38627\" data-element_type=\"widget\" data-e-type=\"widget\" data-widget_type=\"heading.default\">\n\t\t\t\t<div class=\"elementor-widget-container\">\n\t\t\t\t\t<h2 class=\"elementor-heading-title elementor-size-default\">Resident info<\/h2>\t\t\t\t<\/div>\n\t\t\t\t<\/div>\n\t\t\t\t<div class=\"elementor-element elementor-element-48dafbbe elementor-widget elementor-widget-accordion\" data-id=\"48dafbbe\" data-element_type=\"widget\" data-e-type=\"widget\" data-widget_type=\"accordion.default\">\n\t\t\t\t<div class=\"elementor-widget-container\">\n\t\t\t\t\t\t\t<div class=\"elementor-accordion\">\n\t\t\t\t\t\t\t<div class=\"elementor-accordion-item\">\n\t\t\t\t\t<div id=\"elementor-tab-title-1221\" class=\"elementor-tab-title\" data-tab=\"1\" role=\"button\" aria-controls=\"elementor-tab-content-1221\" aria-expanded=\"false\">\n\t\t\t\t\t\t\t\t\t\t\t\t\t<span class=\"elementor-accordion-icon elementor-accordion-icon-left\" aria-hidden=\"true\">\n\t\t\t\t\t\t\t\t\t\t\t\t\t\t\t<span class=\"elementor-accordion-icon-closed\"><i class=\"fas fa-plus\"><\/i><\/span>\n\t\t\t\t\t\t\t\t<span class=\"elementor-accordion-icon-opened\"><i class=\"fas fa-minus\"><\/i><\/span>\n\t\t\t\t\t\t\t\t\t\t\t\t\t\t<\/span>\n\t\t\t\t\t\t\t\t\t\t\t\t<a class=\"elementor-accordion-title\" tabindex=\"0\">Standard lease<\/a>\n\t\t\t\t\t<\/div>\n\t\t\t\t\t<div id=\"elementor-tab-content-1221\" class=\"elementor-tab-content elementor-clearfix\" data-tab=\"1\" role=\"region\" aria-labelledby=\"elementor-tab-title-1221\"><p>Lease<\/p>\n<p>Appendix &#8211; House rules<\/p>\n<\/div>\n\t\t\t\t<\/div>\n\t\t\t\t\t\t\t<div class=\"elementor-accordion-item\">\n\t\t\t\t\t<div id=\"elementor-tab-title-1222\" class=\"elementor-tab-title\" data-tab=\"2\" role=\"button\" aria-controls=\"elementor-tab-content-1222\" aria-expanded=\"false\">\n\t\t\t\t\t\t\t\t\t\t\t\t\t<span class=\"elementor-accordion-icon elementor-accordion-icon-left\" aria-hidden=\"true\">\n\t\t\t\t\t\t\t\t\t\t\t\t\t\t\t<span class=\"elementor-accordion-icon-closed\"><i class=\"fas fa-plus\"><\/i><\/span>\n\t\t\t\t\t\t\t\t<span class=\"elementor-accordion-icon-opened\"><i class=\"fas fa-minus\"><\/i><\/span>\n\t\t\t\t\t\t\t\t\t\t\t\t\t\t<\/span>\n\t\t\t\t\t\t\t\t\t\t\t\t<a class=\"elementor-accordion-title\" tabindex=\"0\">Moving in<\/a>\n\t\t\t\t\t<\/div>\n\t\t\t\t\t<div id=\"elementor-tab-content-1222\" class=\"elementor-tab-content elementor-clearfix\" data-tab=\"2\" role=\"region\" aria-labelledby=\"elementor-tab-title-1222\"><p>The tenant will have a move-in inspection.<\/p>\n<p>The tenant has 14 days from the start of the tenancy to report faults and defects in the apartment. Mail too: <a href=\"mailto:karina@ceraco.dk\">karina@ceraco.dk<\/a><\/p>\n<\/div>\n\t\t\t\t<\/div>\n\t\t\t\t\t\t\t<div class=\"elementor-accordion-item\">\n\t\t\t\t\t<div id=\"elementor-tab-title-1223\" class=\"elementor-tab-title\" data-tab=\"3\" role=\"button\" aria-controls=\"elementor-tab-content-1223\" aria-expanded=\"false\">\n\t\t\t\t\t\t\t\t\t\t\t\t\t<span class=\"elementor-accordion-icon elementor-accordion-icon-left\" aria-hidden=\"true\">\n\t\t\t\t\t\t\t\t\t\t\t\t\t\t\t<span class=\"elementor-accordion-icon-closed\"><i class=\"fas fa-plus\"><\/i><\/span>\n\t\t\t\t\t\t\t\t<span class=\"elementor-accordion-icon-opened\"><i class=\"fas fa-minus\"><\/i><\/span>\n\t\t\t\t\t\t\t\t\t\t\t\t\t\t<\/span>\n\t\t\t\t\t\t\t\t\t\t\t\t<a class=\"elementor-accordion-title\" tabindex=\"0\">Contact regarding operation<\/a>\n\t\t\t\t\t<\/div>\n\t\t\t\t\t<div id=\"elementor-tab-content-1223\" class=\"elementor-tab-content elementor-clearfix\" data-tab=\"3\" role=\"region\" aria-labelledby=\"elementor-tab-title-1223\"><p>Inquiry regarding operational issues such as renovation, cleaning of hallways, care of yard and outside areas, elevators, heating systems, drains, keys, etc. The property manager, will in agreement with the landlord, call for craftsmen for repairs when needed. concluded lease are responsible for.<\/p>\n<\/div>\n\t\t\t\t<\/div>\n\t\t\t\t\t\t\t<div class=\"elementor-accordion-item\">\n\t\t\t\t\t<div id=\"elementor-tab-title-1224\" class=\"elementor-tab-title\" data-tab=\"4\" role=\"button\" aria-controls=\"elementor-tab-content-1224\" aria-expanded=\"false\">\n\t\t\t\t\t\t\t\t\t\t\t\t\t<span class=\"elementor-accordion-icon elementor-accordion-icon-left\" aria-hidden=\"true\">\n\t\t\t\t\t\t\t\t\t\t\t\t\t\t\t<span class=\"elementor-accordion-icon-closed\"><i class=\"fas fa-plus\"><\/i><\/span>\n\t\t\t\t\t\t\t\t<span class=\"elementor-accordion-icon-opened\"><i class=\"fas fa-minus\"><\/i><\/span>\n\t\t\t\t\t\t\t\t\t\t\t\t\t\t<\/span>\n\t\t\t\t\t\t\t\t\t\t\t\t<a class=\"elementor-accordion-title\" tabindex=\"0\">Contact regarding administration<\/a>\n\t\t\t\t\t<\/div>\n\t\t\t\t\t<div id=\"elementor-tab-content-1224\" class=\"elementor-tab-content elementor-clearfix\" data-tab=\"4\" role=\"region\" aria-labelledby=\"elementor-tab-title-1224\"><\/div>\n\t\t\t\t<\/div>\n\t\t\t\t\t\t\t<div class=\"elementor-accordion-item\">\n\t\t\t\t\t<div id=\"elementor-tab-title-1225\" class=\"elementor-tab-title\" data-tab=\"5\" role=\"button\" aria-controls=\"elementor-tab-content-1225\" aria-expanded=\"false\">\n\t\t\t\t\t\t\t\t\t\t\t\t\t<span class=\"elementor-accordion-icon elementor-accordion-icon-left\" aria-hidden=\"true\">\n\t\t\t\t\t\t\t\t\t\t\t\t\t\t\t<span class=\"elementor-accordion-icon-closed\"><i class=\"fas fa-plus\"><\/i><\/span>\n\t\t\t\t\t\t\t\t<span class=\"elementor-accordion-icon-opened\"><i class=\"fas fa-minus\"><\/i><\/span>\n\t\t\t\t\t\t\t\t\t\t\t\t\t\t<\/span>\n\t\t\t\t\t\t\t\t\t\t\t\t<a class=\"elementor-accordion-title\" tabindex=\"0\">Water, heat, electricity<\/a>\n\t\t\t\t\t<\/div>\n\t\t\t\t\t<div id=\"elementor-tab-content-1225\" class=\"elementor-tab-content elementor-clearfix\" data-tab=\"5\" role=\"region\" aria-labelledby=\"elementor-tab-title-1225\"><p><strong>Heat and water:&nbsp;<\/strong><\/p>\n<p><strong>Heating<\/strong>: Is not included in the A\/C consumption and is settled directly with Aalborg Forsyning.<\/p>\n<p><b>Water:<\/b> Charged in advance monthly with the rent. Settled annually.<\/p>\n<p><strong>Electricity:&nbsp;<\/strong> is not included in the A\/C consumption and is settled directly with the utility company. The tenant must register for electricity with a electricity company of his\/her choice.<\/p>\n<\/div>\n\t\t\t\t<\/div>\n\t\t\t\t\t\t\t<div class=\"elementor-accordion-item\">\n\t\t\t\t\t<div id=\"elementor-tab-title-1226\" class=\"elementor-tab-title\" data-tab=\"6\" role=\"button\" aria-controls=\"elementor-tab-content-1226\" aria-expanded=\"false\">\n\t\t\t\t\t\t\t\t\t\t\t\t\t<span class=\"elementor-accordion-icon elementor-accordion-icon-left\" aria-hidden=\"true\">\n\t\t\t\t\t\t\t\t\t\t\t\t\t\t\t<span class=\"elementor-accordion-icon-closed\"><i class=\"fas fa-plus\"><\/i><\/span>\n\t\t\t\t\t\t\t\t<span class=\"elementor-accordion-icon-opened\"><i class=\"fas fa-minus\"><\/i><\/span>\n\t\t\t\t\t\t\t\t\t\t\t\t\t\t<\/span>\n\t\t\t\t\t\t\t\t\t\t\t\t<a class=\"elementor-accordion-title\" tabindex=\"0\">Garbage<\/a>\n\t\t\t\t\t<\/div>\n\t\t\t\t\t<div id=\"elementor-tab-content-1226\" class=\"elementor-tab-content elementor-clearfix\" data-tab=\"6\" role=\"region\" aria-labelledby=\"elementor-tab-title-1226\"><p>Waste is disposed in containers in the yard until completion of Molok.<\/p>\n<\/div>\n\t\t\t\t<\/div>\n\t\t\t\t\t\t\t<div class=\"elementor-accordion-item\">\n\t\t\t\t\t<div id=\"elementor-tab-title-1227\" class=\"elementor-tab-title\" data-tab=\"7\" role=\"button\" aria-controls=\"elementor-tab-content-1227\" aria-expanded=\"false\">\n\t\t\t\t\t\t\t\t\t\t\t\t\t<span class=\"elementor-accordion-icon elementor-accordion-icon-left\" aria-hidden=\"true\">\n\t\t\t\t\t\t\t\t\t\t\t\t\t\t\t<span class=\"elementor-accordion-icon-closed\"><i class=\"fas fa-plus\"><\/i><\/span>\n\t\t\t\t\t\t\t\t<span class=\"elementor-accordion-icon-opened\"><i class=\"fas fa-minus\"><\/i><\/span>\n\t\t\t\t\t\t\t\t\t\t\t\t\t\t<\/span>\n\t\t\t\t\t\t\t\t\t\t\t\t<a class=\"elementor-accordion-title\" tabindex=\"0\">Net and TV<\/a>\n\t\t\t\t\t<\/div>\n\t\t\t\t\t<div id=\"elementor-tab-content-1227\" class=\"elementor-tab-content elementor-clearfix\" data-tab=\"7\" role=\"region\" aria-labelledby=\"elementor-tab-title-1227\"><\/div>\n\t\t\t\t<\/div>\n\t\t\t\t\t\t\t<div class=\"elementor-accordion-item\">\n\t\t\t\t\t<div id=\"elementor-tab-title-1228\" class=\"elementor-tab-title\" data-tab=\"8\" role=\"button\" aria-controls=\"elementor-tab-content-1228\" aria-expanded=\"false\">\n\t\t\t\t\t\t\t\t\t\t\t\t\t<span class=\"elementor-accordion-icon elementor-accordion-icon-left\" aria-hidden=\"true\">\n\t\t\t\t\t\t\t\t\t\t\t\t\t\t\t<span class=\"elementor-accordion-icon-closed\"><i class=\"fas fa-plus\"><\/i><\/span>\n\t\t\t\t\t\t\t\t<span class=\"elementor-accordion-icon-opened\"><i class=\"fas fa-minus\"><\/i><\/span>\n\t\t\t\t\t\t\t\t\t\t\t\t\t\t<\/span>\n\t\t\t\t\t\t\t\t\t\t\t\t<a class=\"elementor-accordion-title\" tabindex=\"0\">House rules - Pets<\/a>\n\t\t\t\t\t<\/div>\n\t\t\t\t\t<div id=\"elementor-tab-content-1228\" class=\"elementor-tab-content elementor-clearfix\" data-tab=\"8\" role=\"region\" aria-labelledby=\"elementor-tab-title-1228\"><p>Pets are not allowed, according to house rules, no exemptions are granted.<\/p>\n<p><span style=\"text-decoration: underline;\">House rules<\/span><\/p>\n<\/div>\n\t\t\t\t<\/div>\n\t\t\t\t\t\t\t<div class=\"elementor-accordion-item\">\n\t\t\t\t\t<div id=\"elementor-tab-title-1229\" class=\"elementor-tab-title\" data-tab=\"9\" role=\"button\" aria-controls=\"elementor-tab-content-1229\" aria-expanded=\"false\">\n\t\t\t\t\t\t\t\t\t\t\t\t\t<span class=\"elementor-accordion-icon elementor-accordion-icon-left\" aria-hidden=\"true\">\n\t\t\t\t\t\t\t\t\t\t\t\t\t\t\t<span class=\"elementor-accordion-icon-closed\"><i class=\"fas fa-plus\"><\/i><\/span>\n\t\t\t\t\t\t\t\t<span class=\"elementor-accordion-icon-opened\"><i class=\"fas fa-minus\"><\/i><\/span>\n\t\t\t\t\t\t\t\t\t\t\t\t\t\t<\/span>\n\t\t\t\t\t\t\t\t\t\t\t\t<a class=\"elementor-accordion-title\" tabindex=\"0\">Parking<\/a>\n\t\t\t\t\t<\/div>\n\t\t\t\t\t<div id=\"elementor-tab-content-1229\" class=\"elementor-tab-content elementor-clearfix\" data-tab=\"9\" role=\"region\" aria-labelledby=\"elementor-tab-title-1229\"><p>It is possible to rent a parking space in the parking basement.<\/p>\n<\/div>\n\t\t\t\t<\/div>\n\t\t\t\t\t\t\t<div class=\"elementor-accordion-item\">\n\t\t\t\t\t<div id=\"elementor-tab-title-12210\" class=\"elementor-tab-title\" data-tab=\"10\" role=\"button\" aria-controls=\"elementor-tab-content-12210\" aria-expanded=\"false\">\n\t\t\t\t\t\t\t\t\t\t\t\t\t<span class=\"elementor-accordion-icon elementor-accordion-icon-left\" aria-hidden=\"true\">\n\t\t\t\t\t\t\t\t\t\t\t\t\t\t\t<span class=\"elementor-accordion-icon-closed\"><i class=\"fas fa-plus\"><\/i><\/span>\n\t\t\t\t\t\t\t\t<span class=\"elementor-accordion-icon-opened\"><i class=\"fas fa-minus\"><\/i><\/span>\n\t\t\t\t\t\t\t\t\t\t\t\t\t\t<\/span>\n\t\t\t\t\t\t\t\t\t\t\t\t<a class=\"elementor-accordion-title\" tabindex=\"0\">End of leach and moving out<\/a>\n\t\t\t\t\t<\/div>\n\t\t\t\t\t<div id=\"elementor-tab-content-12210\" class=\"elementor-tab-content elementor-clearfix\" data-tab=\"10\" role=\"region\" aria-labelledby=\"elementor-tab-title-12210\"><p><strong>End of leach<\/strong> Please e-mail your end of leach to Ceraco at: info<a href=\"mailto:caroline@ceraco.dk\">@ceraco.dk<\/a><\/p>\n<p>Please note that the apartment and keys must be handed in 10 working days before the end of the lease.<\/p>\n<p>The tenant will be called on, for an end of leach inspection.<\/p>\n<p>The tenant is welcome to contact &nbsp;for a pre-move-in inspection, where you go through the apartment together, to see what repairs are needed and indicate the costs thereof.<\/p>\n<\/div>\n\t\t\t\t<\/div>\n\t\t\t\t\t\t\t\t<\/div>\n\t\t\t\t\t\t<\/div>\n\t\t\t\t<\/div>\n\t\t\t\t\t<\/div>\n\t\t<\/div>\n\t\t\t\t\t<\/div>\n\t\t<\/section>\n\t\t\t\t<\/div>\n\t\t","protected":false},"excerpt":{"rendered":"<p>Recident Ejlers G\u00e5rd EJLERS G\u00c5RD &#8211; Aalborg Resident info Standard lease Lease Appendix &#8211; House rules Moving in The tenant will have a move-in inspection. The tenant has 14 days from the start of the tenancy to report faults and defects in the apartment. Mail too: karina@ceraco.dk Contact regarding operation Inquiry regarding operational issues such [&hellip;]<\/p>\n","protected":false},"author":8,"featured_media":0,"parent":6778,"menu_order":0,"comment_status":"closed","ping_status":"closed","template":"","meta":{"_acf_changed":false,"footnotes":""},"class_list":["post-6743","page","type-page","status-publish","hentry"],"acf":[],"yoast_head":"<!-- This site is optimized with the Yoast SEO plugin v27.4 - https:\/\/yoast.com\/product\/yoast-seo-wordpress\/ -->\n<title>Ejlers G\u00e5rd Resident info - Ceraco<\/title>\n<meta name=\"robots\" content=\"index, follow, max-snippet:-1, max-image-preview:large, max-video-preview:-1\" \/>\n<link rel=\"canonical\" href=\"https:\/\/ceraco.dk\/en\/rental-housing\/ejlers-gaard-aalborg\/ejlers-gaard-resident-info\/\" \/>\n<meta property=\"og:locale\" content=\"en_US\" \/>\n<meta property=\"og:type\" content=\"article\" \/>\n<meta property=\"og:title\" content=\"Ejlers G\u00e5rd Resident info - Ceraco\" \/>\n<meta property=\"og:description\" content=\"Recident Ejlers G\u00e5rd EJLERS G\u00c5RD &#8211; Aalborg Resident info Standard lease Lease Appendix &#8211; House rules Moving in The tenant will have a move-in inspection. The tenant has 14 days from the start of the tenancy to report faults and defects in the apartment. Mail too: karina@ceraco.dk Contact regarding operation Inquiry regarding operational issues such [&hellip;]\" \/>\n<meta property=\"og:url\" content=\"https:\/\/ceraco.dk\/en\/rental-housing\/ejlers-gaard-aalborg\/ejlers-gaard-resident-info\/\" \/>\n<meta property=\"og:site_name\" content=\"Ceraco\" \/>\n<meta property=\"article:modified_time\" content=\"2023-04-11T08:40:10+00:00\" \/>\n<meta name=\"twitter:card\" content=\"summary_large_image\" \/>\n<meta name=\"twitter:label1\" content=\"Est. reading time\" \/>\n\t<meta name=\"twitter:data1\" content=\"1 minute\" \/>\n<script type=\"application\/ld+json\" class=\"yoast-schema-graph\">{\"@context\":\"https:\\\/\\\/schema.org\",\"@graph\":[{\"@type\":\"WebPage\",\"@id\":\"https:\\\/\\\/ceraco.dk\\\/en\\\/rental-housing\\\/ejlers-gaard-aalborg\\\/ejlers-gaard-resident-info\\\/\",\"url\":\"https:\\\/\\\/ceraco.dk\\\/en\\\/rental-housing\\\/ejlers-gaard-aalborg\\\/ejlers-gaard-resident-info\\\/\",\"name\":\"Ejlers G\u00e5rd Resident info - Ceraco\",\"isPartOf\":{\"@id\":\"https:\\\/\\\/ceraco.wp.tigermedia.eu\\\/#website\"},\"datePublished\":\"2022-06-01T07:17:47+00:00\",\"dateModified\":\"2023-04-11T08:40:10+00:00\",\"breadcrumb\":{\"@id\":\"https:\\\/\\\/ceraco.dk\\\/en\\\/rental-housing\\\/ejlers-gaard-aalborg\\\/ejlers-gaard-resident-info\\\/#breadcrumb\"},\"inLanguage\":\"en-US\",\"potentialAction\":[{\"@type\":\"ReadAction\",\"target\":[\"https:\\\/\\\/ceraco.dk\\\/en\\\/rental-housing\\\/ejlers-gaard-aalborg\\\/ejlers-gaard-resident-info\\\/\"]}]},{\"@type\":\"BreadcrumbList\",\"@id\":\"https:\\\/\\\/ceraco.dk\\\/en\\\/rental-housing\\\/ejlers-gaard-aalborg\\\/ejlers-gaard-resident-info\\\/#breadcrumb\",\"itemListElement\":[{\"@type\":\"ListItem\",\"position\":1,\"name\":\"Hjem\",\"item\":\"https:\\\/\\\/ceraco.dk\\\/en\\\/front-page\\\/\"},{\"@type\":\"ListItem\",\"position\":2,\"name\":\"Ejlers G\u00e5rd Resident info\"}]},{\"@type\":\"WebSite\",\"@id\":\"https:\\\/\\\/ceraco.wp.tigermedia.eu\\\/#website\",\"url\":\"https:\\\/\\\/ceraco.wp.tigermedia.eu\\\/\",\"name\":\"Ceraco\",\"description\":\"\",\"publisher\":{\"@id\":\"https:\\\/\\\/ceraco.wp.tigermedia.eu\\\/#organization\"},\"potentialAction\":[{\"@type\":\"SearchAction\",\"target\":{\"@type\":\"EntryPoint\",\"urlTemplate\":\"https:\\\/\\\/ceraco.wp.tigermedia.eu\\\/?s={search_term_string}\"},\"query-input\":{\"@type\":\"PropertyValueSpecification\",\"valueRequired\":true,\"valueName\":\"search_term_string\"}}],\"inLanguage\":\"en-US\"},{\"@type\":\"Organization\",\"@id\":\"https:\\\/\\\/ceraco.wp.tigermedia.eu\\\/#organization\",\"name\":\"Ceraco\",\"url\":\"https:\\\/\\\/ceraco.wp.tigermedia.eu\\\/\",\"logo\":{\"@type\":\"ImageObject\",\"inLanguage\":\"en-US\",\"@id\":\"https:\\\/\\\/ceraco.wp.tigermedia.eu\\\/#\\\/schema\\\/logo\\\/image\\\/\",\"url\":\"https:\\\/\\\/ceraco.dk\\\/wp-content\\\/uploads\\\/2022\\\/04\\\/svg-logo.svg\",\"contentUrl\":\"https:\\\/\\\/ceraco.dk\\\/wp-content\\\/uploads\\\/2022\\\/04\\\/svg-logo.svg\",\"width\":360,\"height\":71.04,\"caption\":\"Ceraco\"},\"image\":{\"@id\":\"https:\\\/\\\/ceraco.wp.tigermedia.eu\\\/#\\\/schema\\\/logo\\\/image\\\/\"}}]}<\/script>\n<!-- \/ Yoast SEO plugin. -->","yoast_head_json":{"title":"Ejlers G\u00e5rd Resident info - Ceraco","robots":{"index":"index","follow":"follow","max-snippet":"max-snippet:-1","max-image-preview":"max-image-preview:large","max-video-preview":"max-video-preview:-1"},"canonical":"https:\/\/ceraco.dk\/en\/rental-housing\/ejlers-gaard-aalborg\/ejlers-gaard-resident-info\/","og_locale":"en_US","og_type":"article","og_title":"Ejlers G\u00e5rd Resident info - Ceraco","og_description":"Recident Ejlers G\u00e5rd EJLERS G\u00c5RD &#8211; Aalborg Resident info Standard lease Lease Appendix &#8211; House rules Moving in The tenant will have a move-in inspection. The tenant has 14 days from the start of the tenancy to report faults and defects in the apartment. Mail too: karina@ceraco.dk Contact regarding operation Inquiry regarding operational issues such [&hellip;]","og_url":"https:\/\/ceraco.dk\/en\/rental-housing\/ejlers-gaard-aalborg\/ejlers-gaard-resident-info\/","og_site_name":"Ceraco","article_modified_time":"2023-04-11T08:40:10+00:00","twitter_card":"summary_large_image","twitter_misc":{"Est. reading time":"1 minute"},"schema":{"@context":"https:\/\/schema.org","@graph":[{"@type":"WebPage","@id":"https:\/\/ceraco.dk\/en\/rental-housing\/ejlers-gaard-aalborg\/ejlers-gaard-resident-info\/","url":"https:\/\/ceraco.dk\/en\/rental-housing\/ejlers-gaard-aalborg\/ejlers-gaard-resident-info\/","name":"Ejlers G\u00e5rd Resident info - Ceraco","isPartOf":{"@id":"https:\/\/ceraco.wp.tigermedia.eu\/#website"},"datePublished":"2022-06-01T07:17:47+00:00","dateModified":"2023-04-11T08:40:10+00:00","breadcrumb":{"@id":"https:\/\/ceraco.dk\/en\/rental-housing\/ejlers-gaard-aalborg\/ejlers-gaard-resident-info\/#breadcrumb"},"inLanguage":"en-US","potentialAction":[{"@type":"ReadAction","target":["https:\/\/ceraco.dk\/en\/rental-housing\/ejlers-gaard-aalborg\/ejlers-gaard-resident-info\/"]}]},{"@type":"BreadcrumbList","@id":"https:\/\/ceraco.dk\/en\/rental-housing\/ejlers-gaard-aalborg\/ejlers-gaard-resident-info\/#breadcrumb","itemListElement":[{"@type":"ListItem","position":1,"name":"Hjem","item":"https:\/\/ceraco.dk\/en\/front-page\/"},{"@type":"ListItem","position":2,"name":"Ejlers G\u00e5rd Resident info"}]},{"@type":"WebSite","@id":"https:\/\/ceraco.wp.tigermedia.eu\/#website","url":"https:\/\/ceraco.wp.tigermedia.eu\/","name":"Ceraco","description":"","publisher":{"@id":"https:\/\/ceraco.wp.tigermedia.eu\/#organization"},"potentialAction":[{"@type":"SearchAction","target":{"@type":"EntryPoint","urlTemplate":"https:\/\/ceraco.wp.tigermedia.eu\/?s={search_term_string}"},"query-input":{"@type":"PropertyValueSpecification","valueRequired":true,"valueName":"search_term_string"}}],"inLanguage":"en-US"},{"@type":"Organization","@id":"https:\/\/ceraco.wp.tigermedia.eu\/#organization","name":"Ceraco","url":"https:\/\/ceraco.wp.tigermedia.eu\/","logo":{"@type":"ImageObject","inLanguage":"en-US","@id":"https:\/\/ceraco.wp.tigermedia.eu\/#\/schema\/logo\/image\/","url":"https:\/\/ceraco.dk\/wp-content\/uploads\/2022\/04\/svg-logo.svg","contentUrl":"https:\/\/ceraco.dk\/wp-content\/uploads\/2022\/04\/svg-logo.svg","width":360,"height":71.04,"caption":"Ceraco"},"image":{"@id":"https:\/\/ceraco.wp.tigermedia.eu\/#\/schema\/logo\/image\/"}}]}},"_links":{"self":[{"href":"https:\/\/ceraco.dk\/en\/wp-json\/wp\/v2\/pages\/6743","targetHints":{"allow":["GET"]}}],"collection":[{"href":"https:\/\/ceraco.dk\/en\/wp-json\/wp\/v2\/pages"}],"about":[{"href":"https:\/\/ceraco.dk\/en\/wp-json\/wp\/v2\/types\/page"}],"author":[{"embeddable":true,"href":"https:\/\/ceraco.dk\/en\/wp-json\/wp\/v2\/users\/8"}],"replies":[{"embeddable":true,"href":"https:\/\/ceraco.dk\/en\/wp-json\/wp\/v2\/comments?post=6743"}],"version-history":[{"count":3,"href":"https:\/\/ceraco.dk\/en\/wp-json\/wp\/v2\/pages\/6743\/revisions"}],"predecessor-version":[{"id":6746,"href":"https:\/\/ceraco.dk\/en\/wp-json\/wp\/v2\/pages\/6743\/revisions\/6746"}],"up":[{"embeddable":true,"href":"https:\/\/ceraco.dk\/en\/wp-json\/wp\/v2\/pages\/6778"}],"wp:attachment":[{"href":"https:\/\/ceraco.dk\/en\/wp-json\/wp\/v2\/media?parent=6743"}],"curies":[{"name":"wp","href":"https:\/\/api.w.org\/{rel}","templated":true}]}}